{"id":25875,"date":"2024-03-25T09:48:51","date_gmt":"2024-03-25T07:48:51","guid":{"rendered":"https:\/\/digitalhunters.org\/?page_id=25875"},"modified":"2024-03-25T10:03:36","modified_gmt":"2024-03-25T08:03:36","slug":"maksliga-intelekta-riks-klientu-piesaistei","status":"publish","type":"page","link":"https:\/\/digitalhunters.org\/lv\/maksliga-intelekta-riks-klientu-piesaistei\/","title":{"rendered":"M\u0101ksl\u012bg\u0101 Intelekta r\u012bks klientu piesaistei"},"content":{"rendered":"\t\t<div data-elementor-type=\"wp-page\" data-elementor-id=\"25875\" class=\"elementor elementor-25875\" data-elementor-post-type=\"page\">\n\t\t\t\t<div class=\"elementor-element elementor-element-778db7b e-flex e-con-boxed e-con e-parent\" data-id=\"778db7b\" data-element_type=\"container\" data-e-type=\"container\" data-settings=\"{&quot;background_background&quot;:&quot;classic&quot;,&quot;shape_divider_bottom&quot;:&quot;opacity-tilt&quot;}\">\n\t\t\t\t\t<div class=\"e-con-inner\">\n\t\t\t\t<div class=\"elementor-shape elementor-shape-bottom\" aria-hidden=\"true\" data-negative=\"false\">\n\t\t\t<svg xmlns=\"http:\/\/www.w3.org\/2000\/svg\" viewBox=\"0 0 2600 131.1\" preserveAspectRatio=\"none\">\n\t<path class=\"elementor-shape-fill\" d=\"M0 0L2600 0 2600 69.1 0 0z\"\/>\n\t<path class=\"elementor-shape-fill\" style=\"opacity:0.5\" d=\"M0 0L2600 0 2600 69.1 0 69.1z\"\/>\n\t<path class=\"elementor-shape-fill\" style=\"opacity:0.25\" d=\"M2600 0L0 0 0 130.1 2600 69.1z\"\/>\n<\/svg>\t\t<\/div>\n\t\t<div class=\"elementor-element elementor-element-4ed0ef6 e-con-full e-flex e-con e-child\" data-id=\"4ed0ef6\" data-element_type=\"container\" data-e-type=\"container\">\n\t\t\t\t<div class=\"elementor-element elementor-element-4f2a48e elementor-widget elementor-widget-image\" data-id=\"4f2a48e\" data-element_type=\"widget\" data-e-type=\"widget\" data-widget_type=\"image.default\">\n\t\t\t\t<div class=\"elementor-widget-container\">\n\t\t\t\t\t\t\t\t\t\t\t\t\t\t\t<img fetchpriority=\"high\" decoding=\"async\" width=\"1024\" height=\"1024\" src=\"https:\/\/digitalhunters.org\/wp-content\/uploads\/2023\/10\/L_B_M0.svg\" class=\"attachment-large size-large wp-image-13087\" alt=\"L B M0\" \/>\t\t\t\t\t\t\t\t\t\t\t\t\t\t\t<\/div>\n\t\t\t\t<\/div>\n\t\t\t\t<div class=\"elementor-element elementor-element-65545b3 elementor-widget elementor-widget-heading\" data-id=\"65545b3\" data-element_type=\"widget\" data-e-type=\"widget\" data-widget_type=\"heading.default\">\n\t\t\t\t<div class=\"elementor-widget-container\">\n\t\t\t\t\t<h2 class=\"elementor-heading-title elementor-size-default\">Uzlabo uz\u0146\u0113muma <br>\nprodutivit\u0101tes, p\u0101rdo\u0161anas un pe\u013c\u0146as r\u0101d\u012bt\u0101jus<br> \nar M\u0101ksl\u012bgo Intelektu!<\/h2>\t\t\t\t<\/div>\n\t\t\t\t<\/div>\n\t\t\t\t<div class=\"elementor-element elementor-element-6582798 elementor-view-default elementor-widget elementor-widget-icon\" data-id=\"6582798\" data-element_type=\"widget\" data-e-type=\"widget\" data-settings=\"{&quot;motion_fx_motion_fx_scrolling&quot;:&quot;yes&quot;,&quot;motion_fx_translateY_effect&quot;:&quot;yes&quot;,&quot;motion_fx_translateY_direction&quot;:&quot;negative&quot;,&quot;motion_fx_translateY_affectedRange&quot;:{&quot;unit&quot;:&quot;%&quot;,&quot;size&quot;:&quot;&quot;,&quot;sizes&quot;:{&quot;start&quot;:47,&quot;end&quot;:67}},&quot;motion_fx_translateY_speed&quot;:{&quot;unit&quot;:&quot;px&quot;,&quot;size&quot;:4,&quot;sizes&quot;:[]},&quot;motion_fx_devices&quot;:[&quot;desktop&quot;,&quot;tablet&quot;,&quot;mobile&quot;]}\" data-widget_type=\"icon.default\">\n\t\t\t\t<div class=\"elementor-widget-container\">\n\t\t\t\t\t\t\t<div class=\"elementor-icon-wrapper\">\n\t\t\t<div class=\"elementor-icon\">\n\t\t\t<svg aria-hidden=\"true\" class=\"e-font-icon-svg e-fas-arrow-circle-down\" viewBox=\"0 0 512 512\" xmlns=\"http:\/\/www.w3.org\/2000\/svg\"><path d=\"M504 256c0 137-111 248-248 248S8 393 8 256 119 8 256 8s248 111 248 248zm-143.6-28.9L288 302.6V120c0-13.3-10.7-24-24-24h-16c-13.3 0-24 10.7-24 24v182.6l-72.4-75.5c-9.3-9.7-24.8-9.9-34.3-.4l-10.9 11c-9.4 9.4-9.4 24.6 0 33.9L239 404.3c9.4 9.4 24.6 9.4 33.9 0l132.7-132.7c9.4-9.4 9.4-24.6 0-33.9l-10.9-11c-9.5-9.5-25-9.3-34.3.4z\"><\/path><\/svg>\t\t\t<\/div>\n\t\t<\/div>\n\t\t\t\t\t\t<\/div>\n\t\t\t\t<\/div>\n\t\t\t\t<\/div>\n\t\t\t\t\t<\/div>\n\t\t\t\t<\/div>\n\t\t\t\t<section class=\"elementor-section elementor-top-section elementor-element elementor-element-99f400e elementor-section-boxed elementor-section-height-default elementor-section-height-default\" data-id=\"99f400e\" data-element_type=\"section\" data-e-type=\"section\" data-settings=\"{&quot;background_background&quot;:&quot;classic&quot;,&quot;shape_divider_top&quot;:&quot;opacity-tilt&quot;}\">\n\t\t\t\t\t\t\t<div class=\"elementor-background-overlay\"><\/div>\n\t\t\t\t\t\t<div class=\"elementor-shape elementor-shape-top\" aria-hidden=\"true\" data-negative=\"false\">\n\t\t\t<svg xmlns=\"http:\/\/www.w3.org\/2000\/svg\" viewBox=\"0 0 2600 131.1\" preserveAspectRatio=\"none\">\n\t<path class=\"elementor-shape-fill\" d=\"M0 0L2600 0 2600 69.1 0 0z\"\/>\n\t<path class=\"elementor-shape-fill\" style=\"opacity:0.5\" d=\"M0 0L2600 0 2600 69.1 0 69.1z\"\/>\n\t<path class=\"elementor-shape-fill\" style=\"opacity:0.25\" d=\"M2600 0L0 0 0 130.1 2600 69.1z\"\/>\n<\/svg>\t\t<\/div>\n\t\t\t\t\t<div class=\"elementor-container elementor-column-gap-default\">\n\t\t\t\t\t<div class=\"elementor-column elementor-col-50 elementor-top-column elementor-element elementor-element-3dd7bde\" data-id=\"3dd7bde\" data-element_type=\"column\" data-e-type=\"column\">\n\t\t\t<div class=\"elementor-widget-wrap elementor-element-populated\">\n\t\t\t\t\t\t<div class=\"elementor-element elementor-element-790f6fb elementor-widget elementor-widget-heading\" data-id=\"790f6fb\" data-element_type=\"widget\" data-e-type=\"widget\" data-widget_type=\"heading.default\">\n\t\t\t\t<div class=\"elementor-widget-container\">\n\t\t\t\t\t<p class=\"elementor-heading-title elementor-size-default\">Iepaz\u012bsti Latvij\u0101 rad\u012bto M\u0101ksl\u012bg\u0101 Intelekta<br> r\u012bku \nbiznesam un pa\u0161nodarbin\u0101tajiem.<\/p>\t\t\t\t<\/div>\n\t\t\t\t<\/div>\n\t\t\t\t<div class=\"elementor-element elementor-element-b6dbe1e elementor-widget elementor-widget-heading\" data-id=\"b6dbe1e\" data-element_type=\"widget\" data-e-type=\"widget\" data-widget_type=\"heading.default\">\n\t\t\t\t<div class=\"elementor-widget-container\">\n\t\t\t\t\t<h1 class=\"elementor-heading-title elementor-size-default\">S\u0101c k\u0101pin\u0101t p\u0101rdo\u0161anu jau \u0161odien ar m\u0113r\u0137tiec\u012bgu rekl\u0101mu, kas rad\u012bta, izmantojot M\u0101ksl\u012bgo Intelektu!<\/h1>\t\t\t\t<\/div>\n\t\t\t\t<\/div>\n\t\t\t\t<div class=\"elementor-element elementor-element-985262a elementor-widget elementor-widget-heading\" data-id=\"985262a\" data-element_type=\"widget\" data-e-type=\"widget\" data-widget_type=\"heading.default\">\n\t\t\t\t<div class=\"elementor-widget-container\">\n\t\t\t\t\t<h3 class=\"elementor-heading-title elementor-size-default\">Aizst\u0101j 3 darbiniekus un nemaks\u0101 a\u0123ent\u016brai!<\/h3>\t\t\t\t<\/div>\n\t\t\t\t<\/div>\n\t\t\t\t\t<\/div>\n\t\t<\/div>\n\t\t\t\t<div class=\"elementor-column elementor-col-50 elementor-top-column elementor-element elementor-element-0bf9eed\" data-id=\"0bf9eed\" data-element_type=\"column\" data-e-type=\"column\">\n\t\t\t<div class=\"elementor-widget-wrap elementor-element-populated\">\n\t\t\t\t\t\t<div class=\"elementor-element elementor-element-bcd137b elementor-widget elementor-widget-image\" data-id=\"bcd137b\" data-element_type=\"widget\" data-e-type=\"widget\" data-widget_type=\"image.default\">\n\t\t\t\t<div class=\"elementor-widget-container\">\n\t\t\t\t\t\t\t\t\t\t\t\t\t\t\t<img decoding=\"async\" width=\"500\" height=\"324\" src=\"https:\/\/digitalhunters.org\/wp-content\/uploads\/2024\/01\/Mockups-produktiem-6-e1710918187116.png\" class=\"attachment-full size-full wp-image-25478\" alt=\"Mockups Produktiem (6)\" srcset=\"https:\/\/digitalhunters.org\/wp-content\/uploads\/2024\/01\/Mockups-produktiem-6-e1710918187116.png 500w, https:\/\/digitalhunters.org\/wp-content\/uploads\/2024\/01\/Mockups-produktiem-6-e1710918187116-300x194.png 300w, https:\/\/digitalhunters.org\/wp-content\/uploads\/2024\/01\/Mockups-produktiem-6-e1710918187116-18x12.png 18w\" sizes=\"(max-width: 500px) 100vw, 500px\" \/>\t\t\t\t\t\t\t\t\t\t\t\t\t\t\t<\/div>\n\t\t\t\t<\/div>\n\t\t\t\t<div class=\"elementor-element elementor-element-a1bd8a2 elementor-align-center elementor-widget elementor-widget-button\" data-id=\"a1bd8a2\" data-element_type=\"widget\" data-e-type=\"widget\" data-widget_type=\"button.default\">\n\t\t\t\t<div class=\"elementor-widget-container\">\n\t\t\t\t\t\t\t\t\t<div class=\"elementor-button-wrapper\">\n\t\t\t\t\t<a class=\"elementor-button elementor-button-link elementor-size-sm\" href=\"https:\/\/api.leadconnectorhq.com\/widget\/bookings\/28-d-c\">\n\t\t\t\t\t\t<span class=\"elementor-button-content-wrapper\">\n\t\t\t\t\t\t<span class=\"elementor-button-icon\">\n\t\t\t\t<svg aria-hidden=\"true\" class=\"e-font-icon-svg e-fas-arrow-right\" viewBox=\"0 0 448 512\" xmlns=\"http:\/\/www.w3.org\/2000\/svg\"><path d=\"M190.5 66.9l22.2-22.2c9.4-9.4 24.6-9.4 33.9 0L441 239c9.4 9.4 9.4 24.6 0 33.9L246.6 467.3c-9.4 9.4-24.6 9.4-33.9 0l-22.2-22.2c-9.5-9.5-9.3-25 .4-34.3L311.4 296H24c-13.3 0-24-10.7-24-24v-32c0-13.3 10.7-24 24-24h287.4L190.9 101.2c-9.8-9.3-10-24.8-.4-34.3z\"><\/path><\/svg>\t\t\t<\/span>\n\t\t\t\t\t\t\t\t\t<span class=\"elementor-button-text\">Bezmaksas iepaz\u012b\u0161an\u0101s zvans<\/span>\n\t\t\t\t\t<\/span>\n\t\t\t\t\t<\/a>\n\t\t\t\t<\/div>\n\t\t\t\t\t\t\t\t<\/div>\n\t\t\t\t<\/div>\n\t\t\t\t\t<\/div>\n\t\t<\/div>\n\t\t\t\t\t<\/div>\n\t\t<\/section>\n\t\t\t\t<\/div>\n\t\t","protected":false},"excerpt":{"rendered":"<p>Uzlabo uz\u0146\u0113muma produtivit\u0101tes, p\u0101rdo\u0161anas un pe\u013c\u0146as r\u0101d\u012bt\u0101jus ar M\u0101ksl\u012bgo Intelektu! Iepaz\u012bsti Latvij\u0101 rad\u012bto M\u0101ksl\u012bg\u0101 Intelekta r\u012bku biznesam un pa\u0161nodarbin\u0101tajiem. S\u0101c k\u0101pin\u0101t p\u0101rdo\u0161anu jau \u0161odien ar m\u0113r\u0137tiec\u012bgu rekl\u0101mu, kas rad\u012bta, izmantojot M\u0101ksl\u012bgo Intelektu! Aizst\u0101j 3 darbiniekus un nemaks\u0101 a\u0123ent\u016brai! Bezmaksas iepaz\u012b\u0161an\u0101s zvans<\/p>","protected":false},"author":3,"featured_media":0,"parent":0,"menu_order":0,"comment_status":"closed","ping_status":"closed","template":"","meta":{"_acf_changed":false,"two_page_speed":[],"footnotes":""},"class_list":["post-25875","page","type-page","status-publish","hentry"],"acf":[],"yoast_head":"<!-- This site is optimized with the Yoast SEO plugin v27.5 - https:\/\/yoast.com\/product\/yoast-seo-wordpress\/ -->\n<title>M\u0101ksl\u012bg\u0101 Intelekta r\u012bks klientu piesaistei - DigitalHunters.org<\/title>\n<meta name=\"description\" content=\"Vienk\u0101r\u0161a 3 so\u013cu sist\u0113ma,kas izmantot M\u0101ksl\u012bgo Intelektu,lai piesaist\u012btu vair\u0101k klientusun palielin\u0101tu pe\u013c\u0146u. Aizst\u0101j darbiniekus un nemaks\u0101 a\u0123ent\u016brai!\" \/>\n<meta name=\"robots\" content=\"index, follow, max-snippet:-1, max-image-preview:large, max-video-preview:-1\" \/>\n<link rel=\"canonical\" href=\"https:\/\/digitalhunters.org\/lv\/maksliga-intelekta-riks-klientu-piesaistei\/\" \/>\n<meta property=\"og:locale\" content=\"lv_LV\" \/>\n<meta property=\"og:type\" content=\"article\" \/>\n<meta property=\"og:title\" content=\"Izmantot M\u0101ksl\u012bgo Intelektu,lai piesaist\u012btu vair\u0101k klientus un palielin\u0101tu pe\u013c\u0146u.\" \/>\n<meta property=\"og:description\" content=\"Vienk\u0101r\u0161a 3 so\u013cu sist\u0113ma,kas izmantot M\u0101ksl\u012bgo Intelektu,lai piesaist\u012btu vair\u0101k klientusun palielin\u0101tu pe\u013c\u0146u. Aizst\u0101j darbiniekus un nemaks\u0101 a\u0123ent\u016brai!\" \/>\n<meta property=\"og:url\" content=\"https:\/\/digitalhunters.org\/lv\/maksliga-intelekta-riks-klientu-piesaistei\/\" \/>\n<meta property=\"og:site_name\" content=\"DigitalHunters.org\" \/>\n<meta property=\"article:modified_time\" content=\"2024-03-25T08:03:36+00:00\" \/>\n<meta property=\"og:image\" content=\"https:\/\/digitalhunters.org\/wp-content\/uploads\/2023\/11\/Mockups-produktiem-e1700932226829.png\" \/>\n\t<meta property=\"og:image:width\" content=\"500\" \/>\n\t<meta property=\"og:image:height\" content=\"261\" \/>\n\t<meta property=\"og:image:type\" content=\"image\/png\" \/>\n<meta name=\"twitter:card\" content=\"summary_large_image\" \/>\n<meta name=\"twitter:label1\" content=\"Est. reading time\" \/>\n\t<meta name=\"twitter:data1\" content=\"1 min\u016bte\" \/>\n<script type=\"application\/ld+json\" class=\"yoast-schema-graph\">{\"@context\":\"https:\\\/\\\/schema.org\",\"@graph\":[{\"@type\":\"WebPage\",\"@id\":\"https:\\\/\\\/digitalhunters.org\\\/maksliga-intelekta-riks-klientu-piesaistei\\\/\",\"url\":\"https:\\\/\\\/digitalhunters.org\\\/maksliga-intelekta-riks-klientu-piesaistei\\\/\",\"name\":\"M\u0101ksl\u012bg\u0101 Intelekta r\u012bks klientu piesaistei - DigitalHunters.org\",\"isPartOf\":{\"@id\":\"https:\\\/\\\/digitalhunters.org\\\/#website\"},\"primaryImageOfPage\":{\"@id\":\"https:\\\/\\\/digitalhunters.org\\\/maksliga-intelekta-riks-klientu-piesaistei\\\/#primaryimage\"},\"image\":{\"@id\":\"https:\\\/\\\/digitalhunters.org\\\/maksliga-intelekta-riks-klientu-piesaistei\\\/#primaryimage\"},\"thumbnailUrl\":\"https:\\\/\\\/digitalhunters.org\\\/wp-content\\\/uploads\\\/2023\\\/10\\\/L_B_M0.svg\",\"datePublished\":\"2024-03-25T07:48:51+00:00\",\"dateModified\":\"2024-03-25T08:03:36+00:00\",\"description\":\"Vienk\u0101r\u0161a 3 so\u013cu sist\u0113ma,kas izmantot M\u0101ksl\u012bgo Intelektu,lai piesaist\u012btu vair\u0101k klientusun palielin\u0101tu pe\u013c\u0146u. Aizst\u0101j darbiniekus un nemaks\u0101 a\u0123ent\u016brai!\",\"breadcrumb\":{\"@id\":\"https:\\\/\\\/digitalhunters.org\\\/maksliga-intelekta-riks-klientu-piesaistei\\\/#breadcrumb\"},\"inLanguage\":\"lv-LV\",\"potentialAction\":[{\"@type\":\"ReadAction\",\"target\":[\"https:\\\/\\\/digitalhunters.org\\\/maksliga-intelekta-riks-klientu-piesaistei\\\/\"]}]},{\"@type\":\"ImageObject\",\"inLanguage\":\"lv-LV\",\"@id\":\"https:\\\/\\\/digitalhunters.org\\\/maksliga-intelekta-riks-klientu-piesaistei\\\/#primaryimage\",\"url\":\"https:\\\/\\\/digitalhunters.org\\\/wp-content\\\/uploads\\\/2023\\\/10\\\/L_B_M0.svg\",\"contentUrl\":\"https:\\\/\\\/digitalhunters.org\\\/wp-content\\\/uploads\\\/2023\\\/10\\\/L_B_M0.svg\"},{\"@type\":\"BreadcrumbList\",\"@id\":\"https:\\\/\\\/digitalhunters.org\\\/maksliga-intelekta-riks-klientu-piesaistei\\\/#breadcrumb\",\"itemListElement\":[{\"@type\":\"ListItem\",\"position\":1,\"name\":\"Home\",\"item\":\"https:\\\/\\\/digitalhunters.org\\\/\"},{\"@type\":\"ListItem\",\"position\":2,\"name\":\"M\u0101ksl\u012bg\u0101 Intelekta r\u012bks klientu piesaistei\"}]},{\"@type\":\"WebSite\",\"@id\":\"https:\\\/\\\/digitalhunters.org\\\/#website\",\"url\":\"https:\\\/\\\/digitalhunters.org\\\/\",\"name\":\"DigitalHunters.org\",\"description\":\"Helping businesses take full advantage of AI.\",\"publisher\":{\"@id\":\"https:\\\/\\\/digitalhunters.org\\\/#organization\"},\"potentialAction\":[{\"@type\":\"SearchAction\",\"target\":{\"@type\":\"EntryPoint\",\"urlTemplate\":\"https:\\\/\\\/digitalhunters.org\\\/?s={search_term_string}\"},\"query-input\":{\"@type\":\"PropertyValueSpecification\",\"valueRequired\":true,\"valueName\":\"search_term_string\"}}],\"inLanguage\":\"lv-LV\"},{\"@type\":\"Organization\",\"@id\":\"https:\\\/\\\/digitalhunters.org\\\/#organization\",\"name\":\"DigitalHunters.org\",\"url\":\"https:\\\/\\\/digitalhunters.org\\\/\",\"logo\":{\"@type\":\"ImageObject\",\"inLanguage\":\"lv-LV\",\"@id\":\"https:\\\/\\\/digitalhunters.org\\\/#\\\/schema\\\/logo\\\/image\\\/\",\"url\":\"https:\\\/\\\/digitalhunters.org\\\/wp-content\\\/uploads\\\/2023\\\/10\\\/m2LVTTgp.png\",\"contentUrl\":\"https:\\\/\\\/digitalhunters.org\\\/wp-content\\\/uploads\\\/2023\\\/10\\\/m2LVTTgp.png\",\"width\":4501,\"height\":751,\"caption\":\"DigitalHunters.org\"},\"image\":{\"@id\":\"https:\\\/\\\/digitalhunters.org\\\/#\\\/schema\\\/logo\\\/image\\\/\"}}]}<\/script>\n<!-- \/ Yoast SEO plugin. -->","yoast_head_json":{"title":"M\u0101ksl\u012bg\u0101 Intelekta r\u012bks klientu piesaistei - DigitalHunters.org","description":"Vienk\u0101r\u0161a 3 so\u013cu sist\u0113ma,kas izmantot M\u0101ksl\u012bgo Intelektu,lai piesaist\u012btu vair\u0101k klientusun palielin\u0101tu pe\u013c\u0146u. Aizst\u0101j darbiniekus un nemaks\u0101 a\u0123ent\u016brai!","robots":{"index":"index","follow":"follow","max-snippet":"max-snippet:-1","max-image-preview":"max-image-preview:large","max-video-preview":"max-video-preview:-1"},"canonical":"https:\/\/digitalhunters.org\/lv\/maksliga-intelekta-riks-klientu-piesaistei\/","og_locale":"lv_LV","og_type":"article","og_title":"Izmantot M\u0101ksl\u012bgo Intelektu,lai piesaist\u012btu vair\u0101k klientus un palielin\u0101tu pe\u013c\u0146u.","og_description":"Vienk\u0101r\u0161a 3 so\u013cu sist\u0113ma,kas izmantot M\u0101ksl\u012bgo Intelektu,lai piesaist\u012btu vair\u0101k klientusun palielin\u0101tu pe\u013c\u0146u. Aizst\u0101j darbiniekus un nemaks\u0101 a\u0123ent\u016brai!","og_url":"https:\/\/digitalhunters.org\/lv\/maksliga-intelekta-riks-klientu-piesaistei\/","og_site_name":"DigitalHunters.org","article_modified_time":"2024-03-25T08:03:36+00:00","og_image":[{"width":500,"height":261,"url":"https:\/\/digitalhunters.org\/wp-content\/uploads\/2023\/11\/Mockups-produktiem-e1700932226829.png","type":"image\/png"}],"twitter_card":"summary_large_image","twitter_misc":{"Est. reading time":"1 min\u016bte"},"schema":{"@context":"https:\/\/schema.org","@graph":[{"@type":"WebPage","@id":"https:\/\/digitalhunters.org\/maksliga-intelekta-riks-klientu-piesaistei\/","url":"https:\/\/digitalhunters.org\/maksliga-intelekta-riks-klientu-piesaistei\/","name":"M\u0101ksl\u012bg\u0101 Intelekta r\u012bks klientu piesaistei - DigitalHunters.org","isPartOf":{"@id":"https:\/\/digitalhunters.org\/#website"},"primaryImageOfPage":{"@id":"https:\/\/digitalhunters.org\/maksliga-intelekta-riks-klientu-piesaistei\/#primaryimage"},"image":{"@id":"https:\/\/digitalhunters.org\/maksliga-intelekta-riks-klientu-piesaistei\/#primaryimage"},"thumbnailUrl":"https:\/\/digitalhunters.org\/wp-content\/uploads\/2023\/10\/L_B_M0.svg","datePublished":"2024-03-25T07:48:51+00:00","dateModified":"2024-03-25T08:03:36+00:00","description":"Vienk\u0101r\u0161a 3 so\u013cu sist\u0113ma,kas izmantot M\u0101ksl\u012bgo Intelektu,lai piesaist\u012btu vair\u0101k klientusun palielin\u0101tu pe\u013c\u0146u. Aizst\u0101j darbiniekus un nemaks\u0101 a\u0123ent\u016brai!","breadcrumb":{"@id":"https:\/\/digitalhunters.org\/maksliga-intelekta-riks-klientu-piesaistei\/#breadcrumb"},"inLanguage":"lv-LV","potentialAction":[{"@type":"ReadAction","target":["https:\/\/digitalhunters.org\/maksliga-intelekta-riks-klientu-piesaistei\/"]}]},{"@type":"ImageObject","inLanguage":"lv-LV","@id":"https:\/\/digitalhunters.org\/maksliga-intelekta-riks-klientu-piesaistei\/#primaryimage","url":"https:\/\/digitalhunters.org\/wp-content\/uploads\/2023\/10\/L_B_M0.svg","contentUrl":"https:\/\/digitalhunters.org\/wp-content\/uploads\/2023\/10\/L_B_M0.svg"},{"@type":"BreadcrumbList","@id":"https:\/\/digitalhunters.org\/maksliga-intelekta-riks-klientu-piesaistei\/#breadcrumb","itemListElement":[{"@type":"ListItem","position":1,"name":"Home","item":"https:\/\/digitalhunters.org\/"},{"@type":"ListItem","position":2,"name":"M\u0101ksl\u012bg\u0101 Intelekta r\u012bks klientu piesaistei"}]},{"@type":"WebSite","@id":"https:\/\/digitalhunters.org\/#website","url":"https:\/\/digitalhunters.org\/","name":"DigitalHunters.org","description":"Helping businesses take full advantage of AI.","publisher":{"@id":"https:\/\/digitalhunters.org\/#organization"},"potentialAction":[{"@type":"SearchAction","target":{"@type":"EntryPoint","urlTemplate":"https:\/\/digitalhunters.org\/?s={search_term_string}"},"query-input":{"@type":"PropertyValueSpecification","valueRequired":true,"valueName":"search_term_string"}}],"inLanguage":"lv-LV"},{"@type":"Organization","@id":"https:\/\/digitalhunters.org\/#organization","name":"DigitalHunters.org","url":"https:\/\/digitalhunters.org\/","logo":{"@type":"ImageObject","inLanguage":"lv-LV","@id":"https:\/\/digitalhunters.org\/#\/schema\/logo\/image\/","url":"https:\/\/digitalhunters.org\/wp-content\/uploads\/2023\/10\/m2LVTTgp.png","contentUrl":"https:\/\/digitalhunters.org\/wp-content\/uploads\/2023\/10\/m2LVTTgp.png","width":4501,"height":751,"caption":"DigitalHunters.org"},"image":{"@id":"https:\/\/digitalhunters.org\/#\/schema\/logo\/image\/"}}]}},"_links":{"self":[{"href":"https:\/\/digitalhunters.org\/lv\/wp-json\/wp\/v2\/pages\/25875","targetHints":{"allow":["GET"]}}],"collection":[{"href":"https:\/\/digitalhunters.org\/lv\/wp-json\/wp\/v2\/pages"}],"about":[{"href":"https:\/\/digitalhunters.org\/lv\/wp-json\/wp\/v2\/types\/page"}],"author":[{"embeddable":true,"href":"https:\/\/digitalhunters.org\/lv\/wp-json\/wp\/v2\/users\/3"}],"replies":[{"embeddable":true,"href":"https:\/\/digitalhunters.org\/lv\/wp-json\/wp\/v2\/comments?post=25875"}],"version-history":[{"count":0,"href":"https:\/\/digitalhunters.org\/lv\/wp-json\/wp\/v2\/pages\/25875\/revisions"}],"wp:attachment":[{"href":"https:\/\/digitalhunters.org\/lv\/wp-json\/wp\/v2\/media?parent=25875"}],"curies":[{"name":"wp","href":"https:\/\/api.w.org\/{rel}","templated":true}]}}