{"id":19795,"date":"2024-01-24T21:39:32","date_gmt":"2024-01-24T19:39:32","guid":{"rendered":"https:\/\/digitalhunters.org\/?page_id=19795"},"modified":"2024-01-24T21:40:17","modified_gmt":"2024-01-24T19:40:17","slug":"maksligais-intelekts-3-apmacibu-programmas-noteikumi-un-nosacijumi","status":"publish","type":"page","link":"https:\/\/digitalhunters.org\/lv\/maksligais-intelekts-3-apmacibu-programmas-noteikumi-un-nosacijumi\/","title":{"rendered":"\u201cM\u0101ksl\u012bgais intelekts +3\u201d apm\u0101c\u012bbu programmas noteikumi un nosac\u012bjumi"},"content":{"rendered":"<p><strong>1. Ievads<\/strong>:<\/p>\n\n\n\n<p>\u0160ie noteikumi un nosac\u012bjumi (&#8220;Noteikumi&#8221;) ir saisto\u0161i apm\u0101c\u012bbu programmas &#8220;M\u0101ksl\u012bgais Intelekts +3&#8221; (&#8220;Programma&#8221;) dal\u012bbniekiem (&#8220;J\u016bs&#8221;) un SIA Digital Hunters, ar juridisko adresi Roberta Hir\u0161a iela 1, R\u012bga, LV-1045 (turpm\u0101k &#8211; &#8220;M\u0113s&#8221; vai &#8220;Organizators&#8221;). Piedaloties Programm\u0101, J\u016bs piekr\u012btat iev\u0113rot \u0161os noteikumus un nosac\u012bjumus.<\/p>\n\n\n\n<p><strong>2. Programmas dal\u012bba:<\/strong><\/p>\n\n\n\n<p>Programmas dal\u012bba nodro\u0161ina piek\u013cuvi visiem vebin\u0101r\u0101 prezent\u0113tajiem materi\u0101liem un resursiem atbilsto\u0161i ieg\u0101d\u0101tajam apm\u0101c\u012bbu pl\u0101nam.<\/p>\n\n\n\n<p><strong>3. Programmas saturs:<\/strong><\/p>\n\n\n\n<p>Visas programmas izpildei nepiecie\u0161am\u0101s platformas tiks nodro\u0161in\u0101tas bez papildus maksas. S\u0101kum\u0101 dal\u012bbnieki tiks iepaz\u012bstin\u0101ti gan ar bezmaksas, gan gan maksas platformu versij\u0101m.<\/p>\n\n\n\n<p><strong>4. Atteikuma ties\u012bbas:<\/strong><\/p>\n\n\n\n<p>Atteikuma ties\u012bbas var izmantot 30 dienu laik\u0101 no apmaksas veik\u0161anas br\u012b\u017ea, ja dal\u012bbnieks ir noskat\u012bjies visas video lekcijas un izmantojis lekcij\u0101s par\u0101d\u012btos r\u012bkus (ko Organizators var redz\u0113t un p\u0101rbaud\u012bt administr\u0101cijas panel\u012b).Atteikuma ties\u012bbas ir j\u0101izmanto, aizpildot un iesniedzot eparakst\u012btu atteikuma veidlapu 30 dienu laik\u0101.<\/p>\n\n\n\n<p>Atteikuma veidlapa: <a href=\"https:\/\/www.ptac.gov.lv\/lv\/media\/3900\/download?attachment\">Atteikuma veidlapa (pazi\u0146ojums par atteik\u0161anos) &#8211; pakalpojuma pas\u016bt\u012b\u0161anas gad\u012bjum\u0101<br><br><\/a>https:\/\/www.ptac.gov.lv\/lv\/media\/3900\/download?attachment<\/p>\n\n\n\n<p><strong>5. Str\u012bdu risin\u0101\u0161ana:<\/strong><\/p>\n\n\n\n<p>\u0160o L\u012bgumu regul\u0113 Latvijas Republikas ties\u012bbu akti. Jebkuri str\u012bdi, kas izriet no \u0161\u012b L\u012bguma vai ir saist\u012bti ar to, s\u0101kotn\u0113ji tiek risin\u0101ti savstarp\u0113ju p\u0101rrunu ce\u013c\u0101. Ja vieno\u0161an\u0101s netiek pan\u0101kta 30 kalend\u0101ro dienu laik\u0101, str\u012bdi tiks risin\u0101ti ties\u0101 saska\u0146\u0101 ar Latvijas Republikas likumiem.<\/p>\n\n\n\n<p><strong>6. Atruna:<\/strong><\/p>\n\n\n\n<p>Katra indiv\u012bda biznesa rezult\u0101ti saist\u012bb\u0101 ar izaicin\u0101jumu b\u016bs at\u0161\u0137ir\u012bgi. Organizators nedod nek\u0101du sol\u012bjumu vai garantiju attiec\u012bb\u0101 uz jebk\u0101diem dal\u012bbnieku un to uz\u0146\u0113mumu pan\u0101kumiem, ien\u0101kumiem vai p\u0101rdo\u0161anu.<\/p>\n\n\n\n<p><strong>7. Pien\u0101kumi:<\/strong><\/p>\n\n\n\n<p>Dal\u012bbnieki apliecina, ka vi\u0146u uz\u0146\u0113mumi darbojas likum\u012bgi un \u0113tiski. Dal\u012bbnieki ir atbild\u012bgi par visu piem\u0113rojamo likumu un noteikumu iev\u0113ro\u0161anu, vadot savu uz\u0146\u0113m\u0113jdarb\u012bbu. Dal\u012bbnieki atbr\u012bvo no jebk\u0101das atbild\u012bbas Organizatorus un ar tiem saist\u012btos uz\u0146\u0113mumus un personas.<a href=\"https:\/\/go.marketingbroker.io\/privacy-policy\/\" target=\"_blank\" rel=\"noreferrer noopener\"><\/a><\/p>","protected":false},"excerpt":{"rendered":"<p>1. Ievads: \u0160ie noteikumi un nosac\u012bjumi (&#8220;Noteikumi&#8221;) ir saisto\u0161i apm\u0101c\u012bbu programmas &#8220;M\u0101ksl\u012bgais Intelekts +3&#8221; (&#8220;Programma&#8221;) dal\u012bbniekiem (&#8220;J\u016bs&#8221;) un SIA Digital Hunters, ar juridisko adresi Roberta Hir\u0161a iela 1, R\u012bga, LV-1045 (turpm\u0101k &#8211; &#8220;M\u0113s&#8221; vai &#8220;Organizators&#8221;). Piedaloties Programm\u0101, J\u016bs piekr\u012btat iev\u0113rot \u0161os noteikumus un nosac\u012bjumus. 2. Programmas dal\u012bba: Programmas dal\u012bba nodro\u0161ina piek\u013cuvi visiem vebin\u0101r\u0101 prezent\u0113tajiem materi\u0101liem [&hellip;]<\/p>\n","protected":false},"author":2,"featured_media":0,"parent":0,"menu_order":0,"comment_status":"closed","ping_status":"closed","template":"page-info.php","meta":{"_acf_changed":false,"two_page_speed":[],"footnotes":""},"class_list":["post-19795","page","type-page","status-publish","hentry"],"acf":[],"yoast_head":"<!-- This site is optimized with the Yoast SEO plugin v27.5 - https:\/\/yoast.com\/product\/yoast-seo-wordpress\/ -->\n<title>\u201cM\u0101ksl\u012bgais intelekts +3\u201d apm\u0101c\u012bbu programmas noteikumi un nosac\u012bjumi - DigitalHunters.org<\/title>\n<meta name=\"robots\" content=\"index, follow, max-snippet:-1, max-image-preview:large, max-video-preview:-1\" \/>\n<link rel=\"canonical\" href=\"https:\/\/digitalhunters.org\/lv\/maksligais-intelekts-3-apmacibu-programmas-noteikumi-un-nosacijumi\/\" \/>\n<meta property=\"og:locale\" content=\"lv_LV\" \/>\n<meta property=\"og:type\" content=\"article\" \/>\n<meta property=\"og:title\" content=\"\u201cM\u0101ksl\u012bgais intelekts +3\u201d apm\u0101c\u012bbu programmas noteikumi un nosac\u012bjumi - DigitalHunters.org\" \/>\n<meta property=\"og:description\" content=\"1. Ievads: \u0160ie noteikumi un nosac\u012bjumi (&#8220;Noteikumi&#8221;) ir saisto\u0161i apm\u0101c\u012bbu programmas &#8220;M\u0101ksl\u012bgais Intelekts +3&#8221; (&#8220;Programma&#8221;) dal\u012bbniekiem (&#8220;J\u016bs&#8221;) un SIA Digital Hunters, ar juridisko adresi Roberta Hir\u0161a iela 1, R\u012bga, LV-1045 (turpm\u0101k &#8211; &#8220;M\u0113s&#8221; vai &#8220;Organizators&#8221;). Piedaloties Programm\u0101, J\u016bs piekr\u012btat iev\u0113rot \u0161os noteikumus un nosac\u012bjumus. 2. Programmas dal\u012bba: Programmas dal\u012bba nodro\u0161ina piek\u013cuvi visiem vebin\u0101r\u0101 prezent\u0113tajiem materi\u0101liem [&hellip;]\" \/>\n<meta property=\"og:url\" content=\"https:\/\/digitalhunters.org\/lv\/maksligais-intelekts-3-apmacibu-programmas-noteikumi-un-nosacijumi\/\" \/>\n<meta property=\"og:site_name\" content=\"DigitalHunters.org\" \/>\n<meta property=\"article:modified_time\" content=\"2024-01-24T19:40:17+00:00\" \/>\n<meta name=\"twitter:card\" content=\"summary_large_image\" \/>\n<meta name=\"twitter:label1\" content=\"Est. reading time\" \/>\n\t<meta name=\"twitter:data1\" content=\"2 min\u016btes\" \/>\n<script type=\"application\/ld+json\" class=\"yoast-schema-graph\">{\"@context\":\"https:\\\/\\\/schema.org\",\"@graph\":[{\"@type\":\"WebPage\",\"@id\":\"https:\\\/\\\/digitalhunters.org\\\/maksligais-intelekts-3-apmacibu-programmas-noteikumi-un-nosacijumi\\\/\",\"url\":\"https:\\\/\\\/digitalhunters.org\\\/maksligais-intelekts-3-apmacibu-programmas-noteikumi-un-nosacijumi\\\/\",\"name\":\"\u201cM\u0101ksl\u012bgais intelekts +3\u201d apm\u0101c\u012bbu programmas noteikumi un nosac\u012bjumi - DigitalHunters.org\",\"isPartOf\":{\"@id\":\"https:\\\/\\\/digitalhunters.org\\\/#website\"},\"datePublished\":\"2024-01-24T19:39:32+00:00\",\"dateModified\":\"2024-01-24T19:40:17+00:00\",\"breadcrumb\":{\"@id\":\"https:\\\/\\\/digitalhunters.org\\\/maksligais-intelekts-3-apmacibu-programmas-noteikumi-un-nosacijumi\\\/#breadcrumb\"},\"inLanguage\":\"lv-LV\",\"potentialAction\":[{\"@type\":\"ReadAction\",\"target\":[\"https:\\\/\\\/digitalhunters.org\\\/maksligais-intelekts-3-apmacibu-programmas-noteikumi-un-nosacijumi\\\/\"]}]},{\"@type\":\"BreadcrumbList\",\"@id\":\"https:\\\/\\\/digitalhunters.org\\\/maksligais-intelekts-3-apmacibu-programmas-noteikumi-un-nosacijumi\\\/#breadcrumb\",\"itemListElement\":[{\"@type\":\"ListItem\",\"position\":1,\"name\":\"Home\",\"item\":\"https:\\\/\\\/digitalhunters.org\\\/\"},{\"@type\":\"ListItem\",\"position\":2,\"name\":\"\u201cM\u0101ksl\u012bgais intelekts +3\u201d apm\u0101c\u012bbu programmas noteikumi un nosac\u012bjumi\"}]},{\"@type\":\"WebSite\",\"@id\":\"https:\\\/\\\/digitalhunters.org\\\/#website\",\"url\":\"https:\\\/\\\/digitalhunters.org\\\/\",\"name\":\"DigitalHunters.org\",\"description\":\"Helping businesses take full advantage of AI.\",\"publisher\":{\"@id\":\"https:\\\/\\\/digitalhunters.org\\\/#organization\"},\"potentialAction\":[{\"@type\":\"SearchAction\",\"target\":{\"@type\":\"EntryPoint\",\"urlTemplate\":\"https:\\\/\\\/digitalhunters.org\\\/?s={search_term_string}\"},\"query-input\":{\"@type\":\"PropertyValueSpecification\",\"valueRequired\":true,\"valueName\":\"search_term_string\"}}],\"inLanguage\":\"lv-LV\"},{\"@type\":\"Organization\",\"@id\":\"https:\\\/\\\/digitalhunters.org\\\/#organization\",\"name\":\"DigitalHunters.org\",\"url\":\"https:\\\/\\\/digitalhunters.org\\\/\",\"logo\":{\"@type\":\"ImageObject\",\"inLanguage\":\"lv-LV\",\"@id\":\"https:\\\/\\\/digitalhunters.org\\\/#\\\/schema\\\/logo\\\/image\\\/\",\"url\":\"https:\\\/\\\/digitalhunters.org\\\/wp-content\\\/uploads\\\/2023\\\/10\\\/m2LVTTgp.png\",\"contentUrl\":\"https:\\\/\\\/digitalhunters.org\\\/wp-content\\\/uploads\\\/2023\\\/10\\\/m2LVTTgp.png\",\"width\":4501,\"height\":751,\"caption\":\"DigitalHunters.org\"},\"image\":{\"@id\":\"https:\\\/\\\/digitalhunters.org\\\/#\\\/schema\\\/logo\\\/image\\\/\"}}]}<\/script>\n<!-- \/ Yoast SEO plugin. -->","yoast_head_json":{"title":"\u201cM\u0101ksl\u012bgais intelekts +3\u201d apm\u0101c\u012bbu programmas noteikumi un nosac\u012bjumi - DigitalHunters.org","robots":{"index":"index","follow":"follow","max-snippet":"max-snippet:-1","max-image-preview":"max-image-preview:large","max-video-preview":"max-video-preview:-1"},"canonical":"https:\/\/digitalhunters.org\/lv\/maksligais-intelekts-3-apmacibu-programmas-noteikumi-un-nosacijumi\/","og_locale":"lv_LV","og_type":"article","og_title":"\u201cM\u0101ksl\u012bgais intelekts +3\u201d apm\u0101c\u012bbu programmas noteikumi un nosac\u012bjumi - DigitalHunters.org","og_description":"1. Ievads: \u0160ie noteikumi un nosac\u012bjumi (&#8220;Noteikumi&#8221;) ir saisto\u0161i apm\u0101c\u012bbu programmas &#8220;M\u0101ksl\u012bgais Intelekts +3&#8221; (&#8220;Programma&#8221;) dal\u012bbniekiem (&#8220;J\u016bs&#8221;) un SIA Digital Hunters, ar juridisko adresi Roberta Hir\u0161a iela 1, R\u012bga, LV-1045 (turpm\u0101k &#8211; &#8220;M\u0113s&#8221; vai &#8220;Organizators&#8221;). Piedaloties Programm\u0101, J\u016bs piekr\u012btat iev\u0113rot \u0161os noteikumus un nosac\u012bjumus. 2. Programmas dal\u012bba: Programmas dal\u012bba nodro\u0161ina piek\u013cuvi visiem vebin\u0101r\u0101 prezent\u0113tajiem materi\u0101liem [&hellip;]","og_url":"https:\/\/digitalhunters.org\/lv\/maksligais-intelekts-3-apmacibu-programmas-noteikumi-un-nosacijumi\/","og_site_name":"DigitalHunters.org","article_modified_time":"2024-01-24T19:40:17+00:00","twitter_card":"summary_large_image","twitter_misc":{"Est. reading time":"2 min\u016btes"},"schema":{"@context":"https:\/\/schema.org","@graph":[{"@type":"WebPage","@id":"https:\/\/digitalhunters.org\/maksligais-intelekts-3-apmacibu-programmas-noteikumi-un-nosacijumi\/","url":"https:\/\/digitalhunters.org\/maksligais-intelekts-3-apmacibu-programmas-noteikumi-un-nosacijumi\/","name":"\u201cM\u0101ksl\u012bgais intelekts +3\u201d apm\u0101c\u012bbu programmas noteikumi un nosac\u012bjumi - DigitalHunters.org","isPartOf":{"@id":"https:\/\/digitalhunters.org\/#website"},"datePublished":"2024-01-24T19:39:32+00:00","dateModified":"2024-01-24T19:40:17+00:00","breadcrumb":{"@id":"https:\/\/digitalhunters.org\/maksligais-intelekts-3-apmacibu-programmas-noteikumi-un-nosacijumi\/#breadcrumb"},"inLanguage":"lv-LV","potentialAction":[{"@type":"ReadAction","target":["https:\/\/digitalhunters.org\/maksligais-intelekts-3-apmacibu-programmas-noteikumi-un-nosacijumi\/"]}]},{"@type":"BreadcrumbList","@id":"https:\/\/digitalhunters.org\/maksligais-intelekts-3-apmacibu-programmas-noteikumi-un-nosacijumi\/#breadcrumb","itemListElement":[{"@type":"ListItem","position":1,"name":"Home","item":"https:\/\/digitalhunters.org\/"},{"@type":"ListItem","position":2,"name":"\u201cM\u0101ksl\u012bgais intelekts +3\u201d apm\u0101c\u012bbu programmas noteikumi un nosac\u012bjumi"}]},{"@type":"WebSite","@id":"https:\/\/digitalhunters.org\/#website","url":"https:\/\/digitalhunters.org\/","name":"DigitalHunters.org","description":"Helping businesses take full advantage of AI.","publisher":{"@id":"https:\/\/digitalhunters.org\/#organization"},"potentialAction":[{"@type":"SearchAction","target":{"@type":"EntryPoint","urlTemplate":"https:\/\/digitalhunters.org\/?s={search_term_string}"},"query-input":{"@type":"PropertyValueSpecification","valueRequired":true,"valueName":"search_term_string"}}],"inLanguage":"lv-LV"},{"@type":"Organization","@id":"https:\/\/digitalhunters.org\/#organization","name":"DigitalHunters.org","url":"https:\/\/digitalhunters.org\/","logo":{"@type":"ImageObject","inLanguage":"lv-LV","@id":"https:\/\/digitalhunters.org\/#\/schema\/logo\/image\/","url":"https:\/\/digitalhunters.org\/wp-content\/uploads\/2023\/10\/m2LVTTgp.png","contentUrl":"https:\/\/digitalhunters.org\/wp-content\/uploads\/2023\/10\/m2LVTTgp.png","width":4501,"height":751,"caption":"DigitalHunters.org"},"image":{"@id":"https:\/\/digitalhunters.org\/#\/schema\/logo\/image\/"}}]}},"_links":{"self":[{"href":"https:\/\/digitalhunters.org\/lv\/wp-json\/wp\/v2\/pages\/19795","targetHints":{"allow":["GET"]}}],"collection":[{"href":"https:\/\/digitalhunters.org\/lv\/wp-json\/wp\/v2\/pages"}],"about":[{"href":"https:\/\/digitalhunters.org\/lv\/wp-json\/wp\/v2\/types\/page"}],"author":[{"embeddable":true,"href":"https:\/\/digitalhunters.org\/lv\/wp-json\/wp\/v2\/users\/2"}],"replies":[{"embeddable":true,"href":"https:\/\/digitalhunters.org\/lv\/wp-json\/wp\/v2\/comments?post=19795"}],"version-history":[{"count":0,"href":"https:\/\/digitalhunters.org\/lv\/wp-json\/wp\/v2\/pages\/19795\/revisions"}],"wp:attachment":[{"href":"https:\/\/digitalhunters.org\/lv\/wp-json\/wp\/v2\/media?parent=19795"}],"curies":[{"name":"wp","href":"https:\/\/api.w.org\/{rel}","templated":true}]}}