{"id":18752,"date":"2024-01-03T16:30:19","date_gmt":"2024-01-03T14:30:19","guid":{"rendered":"https:\/\/digitalhunters.org\/?page_id=18752"},"modified":"2024-03-08T11:47:47","modified_gmt":"2024-03-08T09:47:47","slug":"maksliga-intelekta-pardosanas-asistenta-programmas-noteikumi-un-nosacijumi","status":"publish","type":"page","link":"https:\/\/digitalhunters.org\/lv\/maksliga-intelekta-pardosanas-asistenta-programmas-noteikumi-un-nosacijumi\/","title":{"rendered":"M\u0101ksl\u012bg\u0101 Intelekta P\u0101rdo\u0161anas Asistenta programmas noteikumi un nosac\u012bjumi"},"content":{"rendered":"<p><strong>1. Ievads<\/strong>:<\/p>\n\n\n\n<p>\u0160ie noteikumi un nosac\u012bjumi (\u201cNoteikumi\u201d) ir saisto\u0161i dal\u012bbniekam (\u201cJ\u016bs\u201d) un SIA Positive Company, kuras juridisk\u0101 adrese ir Aleksandra Gr\u012bna bulv\u0101ris 13-27, R\u012bga, Latvija, LV-1002 (turpm\u0101k tekst\u0101 \u201cM\u0113s\u201d \u201d vai \u201cOrganizators\u201d). Piedaloties 28 dienas AI rekl\u0101mas izaicin\u0101jum\u0101 (\u201cIzaicin\u0101jums\u201d), j\u016bs piekr\u012btat iev\u0113rot \u0161os noteikumus un nosac\u012bjumus.<\/p>\n\n\n\n<p><strong>2. Atbilst\u012bba:<\/strong><\/p>\n\n\n\n<p>\u2013 Piedal\u012bties var personas vai uz\u0146\u0113mumu p\u0101rst\u0101vji, kas atlas\u012bti \u201cDiagnostikas zvana\u201d laik\u0101 pirms izaicin\u0101juma.<\/p>\n\n\n\n<p><strong>3. Izaicin\u0101juma saturs:<\/strong><\/p>\n\n\n\n<p>\u2013 Visas izaicin\u0101jumam nepiecie\u0161am\u0101s platformas tiks nodro\u0161in\u0101tas bez maksas. S\u0101kum\u0101 dal\u012bbnieki tiks iepaz\u012bstin\u0101ti gan ar bezmaksas, gan gan maksas platformu versij\u0101m.<\/p>\n\n\n\n<p>\u2013 Viss izaicin\u0101juma laik\u0101 rad\u012btais saturs paliek dal\u012bbnieka \u012bpa\u0161um\u0101.<\/p>\n\n\n\n<p><strong>4. Motiv\u0101cijas naudas maksa:<\/strong><\/p>\n\n\n\n<p>\u2013 Lai rezerv\u0113tu vietu Izaicin\u0101jum\u0101, nepiecie\u0161ams veikt motiv\u0101cijas naudas iemaksu 297\u20ac + PVN.<\/p>\n\n\n\n<p>\u2013 Maksa ir j\u0101iemaks\u0101 pirms Izaicin\u0101juma s\u0101kuma, un to var veikt, izmantojot kred\u012btkarti vai bankas p\u0101rskait\u012bjumu organziatora nor\u0101d\u012btaj\u0101 re\u0123istr\u0101cijas sait\u0113.<\/p>\n\n\n\n<p>\u2013 Vieta Izaicin\u0101jum\u0101 tiek garant\u0113ta tikai p\u0113c motiv\u0101cijas maksas piln\u012bgas sa\u0146em\u0161anas.<\/p>\n\n\n\n<p>\u2013 Maksa tiks atgriezta p\u0113c visu nor\u0101d\u012bto izaicin\u0101juma krit\u0113riju sekm\u012bgas izpildes.<\/p>\n\n\n\n<p>\u2013 Atgrie\u017eot maksu, apstr\u0101des maksa netiek ietur\u0113ta.<\/p>\n\n\n\n<p><strong>5. Izaicin\u0101juma pabeig\u0161ana:<\/strong><\/p>\n\n\n\n<p>Lai dal\u012bbniekus uzskat\u012btu par izaicin\u0101jumu pabeigu\u0161iem un izaicin\u0101juma krit\u0113rijus sekm\u012bgi izpild\u012bju\u0161iem, vi\u0146iem ir:<\/p>\n\n\n\n<p>\u2013 Pirm\u0101s ned\u0113\u013cas beig\u0101s j\u0101iesniedz vi\u0146u produkta\/pakalpojuma pied\u0101v\u0101jums, kas izstr\u0101d\u0101ts pamatojoties uz uzdevumu (inform\u0101cija sapild\u012bta darba gr\u0101mat\u0101).<\/p>\n\n\n\n<p>\u2013 L\u012bdz otr\u0101s ned\u0113\u013cas beig\u0101m izveidotiem rekl\u0101mu tekstiem un vizu\u0101\u013ciem darba gr\u0101mat\u0101, pamatojoties uz uzdevumu.<br><br>\u2013 L\u012bdz tre\u0161\u0101s ned\u0113\u013cas beig\u0101m izvietot\u0101m un palaist\u0101m rekl\u0101m\u0101m Meta platform\u0101, pamatojoties uz uzdevumu.<\/p>\n\n\n\n<p>\u2013 L\u012bdz ceturt\u0101s ned\u0113\u013cas beig\u0101m j\u0101b\u016bt izt\u0113r\u0113tiem rekl\u0101m\u0101 100\u20ac, lai p\u0101rbaud\u012btu rekl\u0101mas efektivit\u0101ti.<\/p>\n\n\n\n<p>\u2013 Ceturt\u0101s ned\u0113\u013cas laik\u0101 j\u0101iepl\u0101no un j\u0101veic 1:1 saruna ar treneri, lai apspriestu progresu un izaicin\u0101jumus.<\/p>\n\n\n\n<p>\u2013 Ja izaicin\u0101jums veiksm\u012bgi pabeigts, j\u0101atst\u0101j rakstisku atsauksmi nor\u0101d\u012btaj\u0101 resurs\u0101.<\/p>\n\n\n\n<p><strong>6. Zoom grupas zvani:<\/strong><\/p>\n\n\n\n<p>Lai gan ikned\u0113\u013cas Zoom sapul\u010du apmekl\u0113\u0161ana nav oblig\u0101ta, visi uzdevumi ir j\u0101pabeidz pirms katras Zoom sapulces un j\u0101iesniedz, izmantojot grupas t\u0113rz\u0113tavu (\u010datu) vai citu inform\u0101cijas nodo\u0161anas kan\u0101lu vienojoties ar treneri.<\/p>\n\n\n\n<p><strong>7. Atsauksmes un atgriezenisk\u0101 saite:<\/strong><\/p>\n\n\n\n<p>\u2013 Dal\u012bbniekiem ir j\u0101sniedz atsauksmes p\u0113c R\u012bkot\u0101ja piepras\u012bjuma t\u0101d\u0101s platform\u0101s k\u0101 Trustpilot, Facebook vai Google.<\/p>\n\n\n\n<p>\u2013 Organizators patur ties\u012bbas izmantot visas sniegt\u0101s atsauksmes rekl\u0101mas nol\u016bkos.<\/p>\n\n\n\n<p><strong>8. Str\u012bdu risin\u0101\u0161ana:<\/strong><\/p>\n\n\n\n<p>\u0160o L\u012bgumu regul\u0113 Latvijas Republikas ties\u012bbu akti. Jebkuri str\u012bdi, kas izriet no \u0161\u012b L\u012bguma vai ir saist\u012bti ar to, s\u0101kotn\u0113ji tiek risin\u0101ti savstarp\u0113ju p\u0101rrunu ce\u013c\u0101. Ja vieno\u0161an\u0101s netiek pan\u0101kta 30 kalend\u0101ro dienu laik\u0101, str\u012bdi tiks risin\u0101ti ties\u0101 saska\u0146\u0101 ar Latvijas Republikas likumiem.<\/p>\n\n\n\n<p><strong>9. Atruna:<\/strong><\/p>\n\n\n\n<p>Katra indiv\u012bda biznesa rezult\u0101ti saist\u012bb\u0101 ar izaicin\u0101jumu b\u016bs at\u0161\u0137ir\u012bgi. Organizators nedod nek\u0101du sol\u012bjumu vai garantiju attiec\u012bb\u0101 uz jebk\u0101diem dal\u012bbnieku un to uz\u0146\u0113mumu pan\u0101kumiem, ien\u0101kumiem vai p\u0101rdo\u0161anu.&nbsp;<\/p>\n\n\n\n<p><strong>10. Pien\u0101kumi:<\/strong><\/p>\n\n\n\n<p>Dal\u012bbnieki apliecina, ka vi\u0146u uz\u0146\u0113mumi darbojas likum\u012bgi un \u0113tiski. Dal\u012bbnieki ir atbild\u012bgi par visu piem\u0113rojamo likumu un noteikumu iev\u0113ro\u0161anu, vadot savu uz\u0146\u0113m\u0113jdarb\u012bbu. Dal\u012bbnieki atbr\u012bvo no jebk\u0101das atbild\u012bbas Organizatorus un ar tiem saist\u012btos uz\u0146\u0113mumus un personas.<a href=\"https:\/\/go.marketingbroker.io\/privacy-policy\/\" target=\"_blank\" rel=\"noreferrer noopener\"><\/a><\/p>","protected":false},"excerpt":{"rendered":"<p>1. Ievads: \u0160ie noteikumi un nosac\u012bjumi (\u201cNoteikumi\u201d) ir saisto\u0161i dal\u012bbniekam (\u201cJ\u016bs\u201d) un SIA Positive Company, kuras juridisk\u0101 adrese ir Aleksandra Gr\u012bna bulv\u0101ris 13-27, R\u012bga, Latvija, LV-1002 (turpm\u0101k tekst\u0101 \u201cM\u0113s\u201d \u201d vai \u201cOrganizators\u201d). Piedaloties 28 dienas AI rekl\u0101mas izaicin\u0101jum\u0101 (\u201cIzaicin\u0101jums\u201d), j\u016bs piekr\u012btat iev\u0113rot \u0161os noteikumus un nosac\u012bjumus. 2. Atbilst\u012bba: \u2013 Piedal\u012bties var personas vai uz\u0146\u0113mumu p\u0101rst\u0101vji, [&hellip;]<\/p>\n","protected":false},"author":2,"featured_media":0,"parent":0,"menu_order":0,"comment_status":"closed","ping_status":"closed","template":"page-info.php","meta":{"_acf_changed":false,"two_page_speed":[],"footnotes":""},"class_list":["post-18752","page","type-page","status-publish","hentry"],"acf":[],"yoast_head":"<!-- This site is optimized with the Yoast SEO plugin v27.5 - https:\/\/yoast.com\/product\/yoast-seo-wordpress\/ -->\n<title>M\u0101ksl\u012bg\u0101 Intelekta P\u0101rdo\u0161anas Asistenta programmas noteikumi un nosac\u012bjumi - DigitalHunters.org<\/title>\n<meta name=\"robots\" content=\"index, follow, max-snippet:-1, max-image-preview:large, max-video-preview:-1\" \/>\n<link rel=\"canonical\" href=\"https:\/\/digitalhunters.org\/lv\/maksliga-intelekta-pardosanas-asistenta-programmas-noteikumi-un-nosacijumi\/\" \/>\n<meta property=\"og:locale\" content=\"lv_LV\" \/>\n<meta property=\"og:type\" content=\"article\" \/>\n<meta property=\"og:title\" content=\"M\u0101ksl\u012bg\u0101 Intelekta P\u0101rdo\u0161anas Asistenta programmas noteikumi un nosac\u012bjumi - DigitalHunters.org\" \/>\n<meta property=\"og:description\" content=\"1. Ievads: \u0160ie noteikumi un nosac\u012bjumi (\u201cNoteikumi\u201d) ir saisto\u0161i dal\u012bbniekam (\u201cJ\u016bs\u201d) un SIA Positive Company, kuras juridisk\u0101 adrese ir Aleksandra Gr\u012bna bulv\u0101ris 13-27, R\u012bga, Latvija, LV-1002 (turpm\u0101k tekst\u0101 \u201cM\u0113s\u201d \u201d vai \u201cOrganizators\u201d). Piedaloties 28 dienas AI rekl\u0101mas izaicin\u0101jum\u0101 (\u201cIzaicin\u0101jums\u201d), j\u016bs piekr\u012btat iev\u0113rot \u0161os noteikumus un nosac\u012bjumus. 2. Atbilst\u012bba: \u2013 Piedal\u012bties var personas vai uz\u0146\u0113mumu p\u0101rst\u0101vji, [&hellip;]\" \/>\n<meta property=\"og:url\" content=\"https:\/\/digitalhunters.org\/lv\/maksliga-intelekta-pardosanas-asistenta-programmas-noteikumi-un-nosacijumi\/\" \/>\n<meta property=\"og:site_name\" content=\"DigitalHunters.org\" \/>\n<meta property=\"article:modified_time\" content=\"2024-03-08T09:47:47+00:00\" \/>\n<meta name=\"twitter:card\" content=\"summary_large_image\" \/>\n<meta name=\"twitter:label1\" content=\"Est. reading time\" \/>\n\t<meta name=\"twitter:data1\" content=\"2 min\u016btes\" \/>\n<script type=\"application\/ld+json\" class=\"yoast-schema-graph\">{\"@context\":\"https:\\\/\\\/schema.org\",\"@graph\":[{\"@type\":\"WebPage\",\"@id\":\"https:\\\/\\\/digitalhunters.org\\\/maksliga-intelekta-pardosanas-asistenta-programmas-noteikumi-un-nosacijumi\\\/\",\"url\":\"https:\\\/\\\/digitalhunters.org\\\/maksliga-intelekta-pardosanas-asistenta-programmas-noteikumi-un-nosacijumi\\\/\",\"name\":\"M\u0101ksl\u012bg\u0101 Intelekta P\u0101rdo\u0161anas Asistenta programmas noteikumi un nosac\u012bjumi - DigitalHunters.org\",\"isPartOf\":{\"@id\":\"https:\\\/\\\/digitalhunters.org\\\/#website\"},\"datePublished\":\"2024-01-03T14:30:19+00:00\",\"dateModified\":\"2024-03-08T09:47:47+00:00\",\"breadcrumb\":{\"@id\":\"https:\\\/\\\/digitalhunters.org\\\/maksliga-intelekta-pardosanas-asistenta-programmas-noteikumi-un-nosacijumi\\\/#breadcrumb\"},\"inLanguage\":\"lv-LV\",\"potentialAction\":[{\"@type\":\"ReadAction\",\"target\":[\"https:\\\/\\\/digitalhunters.org\\\/maksliga-intelekta-pardosanas-asistenta-programmas-noteikumi-un-nosacijumi\\\/\"]}]},{\"@type\":\"BreadcrumbList\",\"@id\":\"https:\\\/\\\/digitalhunters.org\\\/maksliga-intelekta-pardosanas-asistenta-programmas-noteikumi-un-nosacijumi\\\/#breadcrumb\",\"itemListElement\":[{\"@type\":\"ListItem\",\"position\":1,\"name\":\"Home\",\"item\":\"https:\\\/\\\/digitalhunters.org\\\/\"},{\"@type\":\"ListItem\",\"position\":2,\"name\":\"M\u0101ksl\u012bg\u0101 Intelekta P\u0101rdo\u0161anas Asistenta programmas noteikumi un nosac\u012bjumi\"}]},{\"@type\":\"WebSite\",\"@id\":\"https:\\\/\\\/digitalhunters.org\\\/#website\",\"url\":\"https:\\\/\\\/digitalhunters.org\\\/\",\"name\":\"DigitalHunters.org\",\"description\":\"Helping businesses take full advantage of AI.\",\"publisher\":{\"@id\":\"https:\\\/\\\/digitalhunters.org\\\/#organization\"},\"potentialAction\":[{\"@type\":\"SearchAction\",\"target\":{\"@type\":\"EntryPoint\",\"urlTemplate\":\"https:\\\/\\\/digitalhunters.org\\\/?s={search_term_string}\"},\"query-input\":{\"@type\":\"PropertyValueSpecification\",\"valueRequired\":true,\"valueName\":\"search_term_string\"}}],\"inLanguage\":\"lv-LV\"},{\"@type\":\"Organization\",\"@id\":\"https:\\\/\\\/digitalhunters.org\\\/#organization\",\"name\":\"DigitalHunters.org\",\"url\":\"https:\\\/\\\/digitalhunters.org\\\/\",\"logo\":{\"@type\":\"ImageObject\",\"inLanguage\":\"lv-LV\",\"@id\":\"https:\\\/\\\/digitalhunters.org\\\/#\\\/schema\\\/logo\\\/image\\\/\",\"url\":\"https:\\\/\\\/digitalhunters.org\\\/wp-content\\\/uploads\\\/2023\\\/10\\\/m2LVTTgp.png\",\"contentUrl\":\"https:\\\/\\\/digitalhunters.org\\\/wp-content\\\/uploads\\\/2023\\\/10\\\/m2LVTTgp.png\",\"width\":4501,\"height\":751,\"caption\":\"DigitalHunters.org\"},\"image\":{\"@id\":\"https:\\\/\\\/digitalhunters.org\\\/#\\\/schema\\\/logo\\\/image\\\/\"}}]}<\/script>\n<!-- \/ Yoast SEO plugin. -->","yoast_head_json":{"title":"M\u0101ksl\u012bg\u0101 Intelekta P\u0101rdo\u0161anas Asistenta programmas noteikumi un nosac\u012bjumi - DigitalHunters.org","robots":{"index":"index","follow":"follow","max-snippet":"max-snippet:-1","max-image-preview":"max-image-preview:large","max-video-preview":"max-video-preview:-1"},"canonical":"https:\/\/digitalhunters.org\/lv\/maksliga-intelekta-pardosanas-asistenta-programmas-noteikumi-un-nosacijumi\/","og_locale":"lv_LV","og_type":"article","og_title":"M\u0101ksl\u012bg\u0101 Intelekta P\u0101rdo\u0161anas Asistenta programmas noteikumi un nosac\u012bjumi - DigitalHunters.org","og_description":"1. Ievads: \u0160ie noteikumi un nosac\u012bjumi (\u201cNoteikumi\u201d) ir saisto\u0161i dal\u012bbniekam (\u201cJ\u016bs\u201d) un SIA Positive Company, kuras juridisk\u0101 adrese ir Aleksandra Gr\u012bna bulv\u0101ris 13-27, R\u012bga, Latvija, LV-1002 (turpm\u0101k tekst\u0101 \u201cM\u0113s\u201d \u201d vai \u201cOrganizators\u201d). Piedaloties 28 dienas AI rekl\u0101mas izaicin\u0101jum\u0101 (\u201cIzaicin\u0101jums\u201d), j\u016bs piekr\u012btat iev\u0113rot \u0161os noteikumus un nosac\u012bjumus. 2. Atbilst\u012bba: \u2013 Piedal\u012bties var personas vai uz\u0146\u0113mumu p\u0101rst\u0101vji, [&hellip;]","og_url":"https:\/\/digitalhunters.org\/lv\/maksliga-intelekta-pardosanas-asistenta-programmas-noteikumi-un-nosacijumi\/","og_site_name":"DigitalHunters.org","article_modified_time":"2024-03-08T09:47:47+00:00","twitter_card":"summary_large_image","twitter_misc":{"Est. reading time":"2 min\u016btes"},"schema":{"@context":"https:\/\/schema.org","@graph":[{"@type":"WebPage","@id":"https:\/\/digitalhunters.org\/maksliga-intelekta-pardosanas-asistenta-programmas-noteikumi-un-nosacijumi\/","url":"https:\/\/digitalhunters.org\/maksliga-intelekta-pardosanas-asistenta-programmas-noteikumi-un-nosacijumi\/","name":"M\u0101ksl\u012bg\u0101 Intelekta P\u0101rdo\u0161anas Asistenta programmas noteikumi un nosac\u012bjumi - DigitalHunters.org","isPartOf":{"@id":"https:\/\/digitalhunters.org\/#website"},"datePublished":"2024-01-03T14:30:19+00:00","dateModified":"2024-03-08T09:47:47+00:00","breadcrumb":{"@id":"https:\/\/digitalhunters.org\/maksliga-intelekta-pardosanas-asistenta-programmas-noteikumi-un-nosacijumi\/#breadcrumb"},"inLanguage":"lv-LV","potentialAction":[{"@type":"ReadAction","target":["https:\/\/digitalhunters.org\/maksliga-intelekta-pardosanas-asistenta-programmas-noteikumi-un-nosacijumi\/"]}]},{"@type":"BreadcrumbList","@id":"https:\/\/digitalhunters.org\/maksliga-intelekta-pardosanas-asistenta-programmas-noteikumi-un-nosacijumi\/#breadcrumb","itemListElement":[{"@type":"ListItem","position":1,"name":"Home","item":"https:\/\/digitalhunters.org\/"},{"@type":"ListItem","position":2,"name":"M\u0101ksl\u012bg\u0101 Intelekta P\u0101rdo\u0161anas Asistenta programmas noteikumi un nosac\u012bjumi"}]},{"@type":"WebSite","@id":"https:\/\/digitalhunters.org\/#website","url":"https:\/\/digitalhunters.org\/","name":"DigitalHunters.org","description":"Helping businesses take full advantage of AI.","publisher":{"@id":"https:\/\/digitalhunters.org\/#organization"},"potentialAction":[{"@type":"SearchAction","target":{"@type":"EntryPoint","urlTemplate":"https:\/\/digitalhunters.org\/?s={search_term_string}"},"query-input":{"@type":"PropertyValueSpecification","valueRequired":true,"valueName":"search_term_string"}}],"inLanguage":"lv-LV"},{"@type":"Organization","@id":"https:\/\/digitalhunters.org\/#organization","name":"DigitalHunters.org","url":"https:\/\/digitalhunters.org\/","logo":{"@type":"ImageObject","inLanguage":"lv-LV","@id":"https:\/\/digitalhunters.org\/#\/schema\/logo\/image\/","url":"https:\/\/digitalhunters.org\/wp-content\/uploads\/2023\/10\/m2LVTTgp.png","contentUrl":"https:\/\/digitalhunters.org\/wp-content\/uploads\/2023\/10\/m2LVTTgp.png","width":4501,"height":751,"caption":"DigitalHunters.org"},"image":{"@id":"https:\/\/digitalhunters.org\/#\/schema\/logo\/image\/"}}]}},"_links":{"self":[{"href":"https:\/\/digitalhunters.org\/lv\/wp-json\/wp\/v2\/pages\/18752","targetHints":{"allow":["GET"]}}],"collection":[{"href":"https:\/\/digitalhunters.org\/lv\/wp-json\/wp\/v2\/pages"}],"about":[{"href":"https:\/\/digitalhunters.org\/lv\/wp-json\/wp\/v2\/types\/page"}],"author":[{"embeddable":true,"href":"https:\/\/digitalhunters.org\/lv\/wp-json\/wp\/v2\/users\/2"}],"replies":[{"embeddable":true,"href":"https:\/\/digitalhunters.org\/lv\/wp-json\/wp\/v2\/comments?post=18752"}],"version-history":[{"count":0,"href":"https:\/\/digitalhunters.org\/lv\/wp-json\/wp\/v2\/pages\/18752\/revisions"}],"wp:attachment":[{"href":"https:\/\/digitalhunters.org\/lv\/wp-json\/wp\/v2\/media?parent=18752"}],"curies":[{"name":"wp","href":"https:\/\/api.w.org\/{rel}","templated":true}]}}